{"id":145,"date":"2021-07-14T16:10:13","date_gmt":"2021-07-14T18:10:13","guid":{"rendered":"https:\/\/shg-freundeskreis-wilhelmshaven.info\/?page_id=145"},"modified":"2023-05-30T04:25:58","modified_gmt":"2023-05-30T06:25:58","slug":"fuer-wen-sind-wir-da","status":"publish","type":"page","link":"https:\/\/shg-freundeskreis-wilhelmshaven.info\/?page_id=145","title":{"rendered":"F\u00fcr wen sind wir da?"},"content":{"rendered":"\t\t<div data-elementor-type=\"wp-page\" data-elementor-id=\"145\" class=\"elementor elementor-145\">\n\t\t\t\t\t\t<section class=\"elementor-section elementor-top-section elementor-element elementor-element-d080008 elementor-section-boxed elementor-section-height-default elementor-section-height-default\" data-id=\"d080008\" data-element_type=\"section\" data-e-type=\"section\">\n\t\t\t\t\t\t<div class=\"elementor-container elementor-column-gap-default\">\n\t\t\t\t\t<div class=\"elementor-column elementor-col-100 elementor-top-column elementor-element elementor-element-ffe48aa\" data-id=\"ffe48aa\" data-element_type=\"column\" data-e-type=\"column\">\n\t\t\t<div class=\"elementor-widget-wrap elementor-element-populated\">\n\t\t\t\t\t\t<div class=\"elementor-element elementor-element-e9adc92 elementor-widget elementor-widget-heading\" data-id=\"e9adc92\" data-element_type=\"widget\" data-e-type=\"widget\" data-widget_type=\"heading.default\">\n\t\t\t\t<div class=\"elementor-widget-container\">\n\t\t\t\t\t<h2 class=\"elementor-heading-title elementor-size-default\"><br>F\u00fcr wen sind wir da?<br><\/h2>\t\t\t\t<\/div>\n\t\t\t\t<\/div>\n\t\t\t\t\t<\/div>\n\t\t<\/div>\n\t\t\t\t\t<\/div>\n\t\t<\/section>\n\t\t\t\t<section class=\"elementor-section elementor-top-section elementor-element elementor-element-c584292 elementor-section-boxed elementor-section-height-default elementor-section-height-default\" data-id=\"c584292\" data-element_type=\"section\" data-e-type=\"section\">\n\t\t\t\t\t\t<div class=\"elementor-container elementor-column-gap-default\">\n\t\t\t\t\t<div class=\"elementor-column elementor-col-100 elementor-top-column elementor-element elementor-element-272ddef\" data-id=\"272ddef\" data-element_type=\"column\" data-e-type=\"column\">\n\t\t\t<div class=\"elementor-widget-wrap elementor-element-populated\">\n\t\t\t\t\t\t<div class=\"elementor-element elementor-element-d6003d3 elementor-widget elementor-widget-text-editor\" data-id=\"d6003d3\" data-element_type=\"widget\" data-e-type=\"widget\" data-widget_type=\"text-editor.default\">\n\t\t\t\t<div class=\"elementor-widget-container\">\n\t\t\t\t\t\t\t\t\t<div><div id=\"ueber-uns\" class=\"section anchor-section section-ueber-uns\"><div class=\"section-headlines\"><div class=\"wrapper container-8-col\"><div class=\"subline\"><div class=\"container-6-col\" style=\"text-align: center;\"><span style=\"font-family: tahoma, arial, helvetica, sans-serif; font-size: 14pt;\">Wir bieten Hilfe zur Selbsthilfe f\u00fcr Menschen mit Suchterfahrungen<\/span><\/div><div class=\"container-6-col\" style=\"text-align: center;\"><span style=\"font-family: tahoma, arial, helvetica, sans-serif; font-size: 14pt;\">und begleiten dich auf deinem eigenen Weg in ein Leben ohne Suchtmittel.<\/span><\/div><div>\u00a0<\/div><\/div><\/div><\/div><\/div><\/div><div class=\"block block-block-content block-block-content56d5f929-33ca-4a0e-b3c2-061771a7c77d\"><div class=\"block-content\"><div class=\"field field--name-field-inhalte field--type-entity-reference-revisions field--label-hidden field__items\"><div class=\"field__item\"><div class=\"paragraph paragraph--type--text paragraph--view-mode--default paragraph-item paragraph-text\"><div class=\"wrapper container-6-col \"><div class=\"paragraph paragraph--type--text-item paragraph--view-mode--default\"><div class=\"para-text\"><div class=\"text\"><h4 style=\"text-align: center;\"><span style=\"font-family: tahoma, arial, helvetica, sans-serif; font-size: 14pt;\">Wir alle waren da, wo du heute bist und wir kennen einen Weg da raus.<\/span><br \/><span style=\"font-family: tahoma, arial, helvetica, sans-serif; font-size: 14pt;\">Nur du allein kannst es schaffen, aber du musst diesen Weg nicht alleine gehen.<\/span><\/h4><p><span style=\"font-family: tahoma, arial, helvetica, sans-serif; font-size: 14pt;\">Wir sind Begleiter f\u00fcr Menschen, die durch Sucht gef\u00e4hrdet oder daran erkrankt sind. Wir sind f\u00fcr dich da aber auch f\u00fcr ihre Angeh\u00f6rigen auf dem Weg in ein Leben ohne\u00a0 Suchtmittel. Wir st\u00e4rken einander auf diesem nicht immer einfachen Weg. Wir nehmen dich an, wie du bist, holen dich da ab, wo du gerade stehst und zeigen dir die Richtung in ein neues Leben.<\/span><\/p><p><span style=\"font-family: tahoma, arial, helvetica, sans-serif; font-size: 14pt;\">Wir sind Menschen wie du, die durch die Selbsthilfegemeinschaft gelernt haben, dass wir uns \u00e4ndern k\u00f6nnen. Also: selbstbestimmt leben, eigenverantwortlich handeln, jeden Menschen in seiner Gesamtheit wertsch\u00e4tzen und freiwillig den Weg aus der Sucht gehen \u2013 bei all dem k\u00f6nnen wir dich unterst\u00fctzen. Wer zu uns kommt, kann sein Leben nicht mehr ohne Suchtmittel bew\u00e4ltigen. Doch die Erfahrungen der anderen Gruppenteilnehmer machen Mut und helfen, einen Umdenkprozess in Gang zu setzen. Sei dabei und entdecke neue M\u00f6glichkeiten, dein Leben zu gestalten.<\/span><\/p><p><span style=\"font-family: tahoma, arial, helvetica, sans-serif; font-size: 14pt;\"><strong>Du triffst Menschen, denen es genauso geht wie dir<\/strong><\/span><\/p><div class=\"accordion-content\"><div class=\"inner\"><div class=\"paragraph paragraph--type--accordion-items\"><div class=\"field field--name-field-accordion-content field--type-entity-reference-revisions field--label-hidden field__items\"><div class=\"field__item\"><div class=\"paragraph paragraph--type--text-item paragraph--view-mode--default\"><div class=\"para-text\"><div class=\"text\"><p><span style=\"font-family: tahoma, arial, helvetica, sans-serif; font-size: 14pt;\">In einer Selbsthilfegruppe tauschst du dich mit Menschen aus, die das Gleiche erlebt oder schon durchgemacht haben. Jeder in der Gruppe wei\u00df, wie es ist, wenn unz\u00e4hlige Versuche, es alleine zu schaffen, nicht klappen. Wir kennen den Frust, die Entt\u00e4uschung, aber auch die Angst zu scheitern. Die regelm\u00e4\u00dfigen Gespr\u00e4che nehmen dir den Druck, bauen dich auf und geben dir die Kraft, deinen eigenen Weg aus der Sucht zu finden und diesen dann auch zu gehen.<\/span><\/p><p><span style=\"font-family: tahoma, arial, helvetica, sans-serif; font-size: 14pt;\"><strong>Du wirst sehen, Selbsthilfe wirkt<\/strong><\/span><\/p><div id=\"20210722212113020375020\" class=\"para-accordion\"><div class=\"accordion\"><div class=\"accordion-item closed\" data-target=\"20210722212113020375020\"><p class=\"accordion-header\"><span style=\"font-family: tahoma, arial, helvetica, sans-serif; font-size: 14pt;\">87 Prozent der Teilnehmer einer Selbsthilfegruppe werden NICHT r\u00fcckf\u00e4llig. Das zeigt, wie erfolgreich das Konzept der Selbsthilfe ist. Denn wir sprechen gemeinsam \u00fcber unsere Schwierigkeiten im Alltag, lernen voneinander und machen uns gegenseitig Mut. Dadurch kommen wir deutlich besser mit unserem Leben und der Erkrankung klar.<\/span><\/p><\/div><\/div><\/div><div class=\"inner\"><div class=\"paragraph paragraph--type--accordion-items\"><div class=\"field field--name-field-accordion-content field--type-entity-reference-revisions field--label-hidden field__items\"><div class=\"field__item\"><div class=\"paragraph paragraph--type--text-item paragraph--view-mode--default\"><div class=\"para-text\"><div class=\"text\"><p><span style=\"font-family: tahoma, arial, helvetica, sans-serif; font-size: 14pt;\"><strong>Weil Selbsthilfe dich wieder stark macht<\/strong><\/span><\/p><p><span style=\"font-family: tahoma, arial, helvetica, sans-serif; font-size: 14pt;\">Wir mussten alle mit den gleichen Problemen fertig werden, mit denen auch du t\u00e4glich k\u00e4mpfst. Zusammen sehen wir, was andere bereits geschafft haben und wie es ihnen gelungen ist. Das weckt die Zuversicht, es auch schaffen zu k\u00f6nnen und den Alltag besser zu bew\u00e4ltigen. Au\u00dferdem lernst du, besser mit Konflikten umzugehen. Du lernst dich zu verstehen und bist wachsam f\u00fcr auftauchende Krisen. Dabei hast du immer Verb\u00fcndete im Kampf gegen die Sucht an deiner Seite.<\/span><\/p><p><span style=\"font-family: tahoma, arial, helvetica, sans-serif; font-size: 14pt;\"><strong>Weil alles unter uns bleibt<\/strong><\/span><\/p><div class=\"accordion-content\"><div class=\"inner\"><div class=\"paragraph paragraph--type--accordion-items\"><div class=\"field field--name-field-accordion-content field--type-entity-reference-revisions field--label-hidden field__items\"><div class=\"field__item\"><div class=\"paragraph paragraph--type--text-item paragraph--view-mode--default\"><div class=\"para-text\"><div class=\"text\"><p><span style=\"font-family: tahoma, arial, helvetica, sans-serif; font-size: 14pt;\">Was immer du in deiner Selbsthilfegruppe erz\u00e4hlst, es bleibt in der Gruppe. Niemand erf\u00e4hrt davon, weder deine Familie noch Kollegen, Arbeitgeber oder Freunde. Du entscheidest, was und wie viel du von dir erz\u00e4hlen m\u00f6chtest. Du kannst immer wiederkommen, auch wenn du erst mal nur zuh\u00f6ren m\u00f6chtest<\/span><\/p><\/div><\/div><\/div><\/div><\/div><\/div><\/div><\/div><\/div><\/div><\/div><\/div><\/div><\/div><\/div><\/div><\/div><\/div><\/div><\/div><\/div><\/div><\/div><\/div><\/div><\/div><\/div><\/div><\/div><\/div><\/div><\/div>\t\t\t\t\t\t\t\t<\/div>\n\t\t\t\t<\/div>\n\t\t\t\t\t<\/div>\n\t\t<\/div>\n\t\t\t\t\t<\/div>\n\t\t<\/section>\n\t\t\t\t<section class=\"elementor-section elementor-top-section elementor-element elementor-element-bb0a8de elementor-section-boxed elementor-section-height-default elementor-section-height-default\" data-id=\"bb0a8de\" data-element_type=\"section\" data-e-type=\"section\">\n\t\t\t\t\t\t<div class=\"elementor-container elementor-column-gap-default\">\n\t\t\t\t\t<div class=\"elementor-column elementor-col-100 elementor-top-column elementor-element elementor-element-26f9c04\" data-id=\"26f9c04\" data-element_type=\"column\" data-e-type=\"column\">\n\t\t\t<div class=\"elementor-widget-wrap elementor-element-populated\">\n\t\t\t\t\t\t<div class=\"elementor-element elementor-element-7c89cf9 elementor-widget elementor-widget-image\" data-id=\"7c89cf9\" data-element_type=\"widget\" data-e-type=\"widget\" data-widget_type=\"image.default\">\n\t\t\t\t<div class=\"elementor-widget-container\">\n\t\t\t\t\t\t\t\t\t\t\t\t\t\t\t<img fetchpriority=\"high\" decoding=\"async\" width=\"1024\" height=\"682\" src=\"https:\/\/shg-freundeskreis-wilhelmshaven.info\/wp-content\/uploads\/2021\/07\/morning-2257689_1280-1024x682.jpg\" class=\"attachment-large size-large wp-image-207\" alt=\"\" srcset=\"https:\/\/shg-freundeskreis-wilhelmshaven.info\/wp-content\/uploads\/2021\/07\/morning-2257689_1280-1024x682.jpg 1024w, https:\/\/shg-freundeskreis-wilhelmshaven.info\/wp-content\/uploads\/2021\/07\/morning-2257689_1280-300x200.jpg 300w, https:\/\/shg-freundeskreis-wilhelmshaven.info\/wp-content\/uploads\/2021\/07\/morning-2257689_1280-768x512.jpg 768w, https:\/\/shg-freundeskreis-wilhelmshaven.info\/wp-content\/uploads\/2021\/07\/morning-2257689_1280.jpg 1280w\" sizes=\"(max-width: 1024px) 100vw, 1024px\" \/>\t\t\t\t\t\t\t\t\t\t\t\t\t\t\t<\/div>\n\t\t\t\t<\/div>\n\t\t\t\t\t<\/div>\n\t\t<\/div>\n\t\t\t\t\t<\/div>\n\t\t<\/section>\n\t\t\t\t<\/div>\n\t\t","protected":false},"excerpt":{"rendered":"<p>F\u00fcr wen sind wir da? Wir bieten Hilfe zur Selbsthilfe f\u00fcr Menschen mit Suchterfahrungenund begleiten dich auf deinem eigenen Weg in ein Leben ohne Suchtmittel.\u00a0 Wir alle waren da, wo du heute bist und wir kennen einen Weg da raus.Nur du allein kannst es schaffen, aber du musst diesen Weg nicht alleine gehen. Wir sind [&hellip;]<\/p>\n","protected":false},"author":1,"featured_media":0,"parent":0,"menu_order":0,"comment_status":"closed","ping_status":"closed","template":"","meta":{"ocean_post_layout":"full-screen","ocean_both_sidebars_style":"","ocean_both_sidebars_content_width":0,"ocean_both_sidebars_sidebars_width":0,"ocean_sidebar":"0","ocean_second_sidebar":"0","ocean_disable_margins":"enable","ocean_add_body_class":"","ocean_shortcode_before_top_bar":"","ocean_shortcode_after_top_bar":"","ocean_shortcode_before_header":"","ocean_shortcode_after_header":"","ocean_has_shortcode":"","ocean_shortcode_after_title":"","ocean_shortcode_before_footer_widgets":"","ocean_shortcode_after_footer_widgets":"","ocean_shortcode_before_footer_bottom":"","ocean_shortcode_after_footer_bottom":"","ocean_display_top_bar":"off","ocean_display_header":"default","ocean_header_style":"","ocean_center_header_left_menu":"0","ocean_custom_header_template":"0","ocean_custom_logo":0,"ocean_custom_retina_logo":0,"ocean_custom_logo_max_width":0,"ocean_custom_logo_tablet_max_width":0,"ocean_custom_logo_mobile_max_width":0,"ocean_custom_logo_max_height":0,"ocean_custom_logo_tablet_max_height":0,"ocean_custom_logo_mobile_max_height":0,"ocean_header_custom_menu":"0","ocean_menu_typo_font_family":"0","ocean_menu_typo_font_subset":"","ocean_menu_typo_font_size":0,"ocean_menu_typo_font_size_tablet":0,"ocean_menu_typo_font_size_mobile":0,"ocean_menu_typo_font_size_unit":"px","ocean_menu_typo_font_weight":"","ocean_menu_typo_font_weight_tablet":"","ocean_menu_typo_font_weight_mobile":"","ocean_menu_typo_transform":"","ocean_menu_typo_transform_tablet":"","ocean_menu_typo_transform_mobile":"","ocean_menu_typo_line_height":0,"ocean_menu_typo_line_height_tablet":0,"ocean_menu_typo_line_height_mobile":0,"ocean_menu_typo_line_height_unit":"","ocean_menu_typo_spacing":0,"ocean_menu_typo_spacing_tablet":0,"ocean_menu_typo_spacing_mobile":0,"ocean_menu_typo_spacing_unit":"","ocean_menu_link_color":"","ocean_menu_link_color_hover":"","ocean_menu_link_color_active":"","ocean_menu_link_background":"","ocean_menu_link_hover_background":"","ocean_menu_link_active_background":"","ocean_menu_social_links_bg":"","ocean_menu_social_hover_links_bg":"","ocean_menu_social_links_color":"","ocean_menu_social_hover_links_color":"","ocean_disable_title":"on","ocean_disable_heading":"default","ocean_post_title":"","ocean_post_subheading":"","ocean_post_title_style":"","ocean_post_title_background_color":"","ocean_post_title_background":0,"ocean_post_title_bg_image_position":"","ocean_post_title_bg_image_attachment":"","ocean_post_title_bg_image_repeat":"","ocean_post_title_bg_image_size":"","ocean_post_title_height":0,"ocean_post_title_bg_overlay":0.5,"ocean_post_title_bg_overlay_color":"","ocean_disable_breadcrumbs":"default","ocean_breadcrumbs_color":"","ocean_breadcrumbs_separator_color":"","ocean_breadcrumbs_links_color":"","ocean_breadcrumbs_links_hover_color":"","ocean_display_footer_widgets":"off","ocean_display_footer_bottom":"default","ocean_custom_footer_template":"0","footnotes":""},"class_list":["post-145","page","type-page","status-publish","hentry","entry"],"_links":{"self":[{"href":"https:\/\/shg-freundeskreis-wilhelmshaven.info\/index.php?rest_route=\/wp\/v2\/pages\/145","targetHints":{"allow":["GET"]}}],"collection":[{"href":"https:\/\/shg-freundeskreis-wilhelmshaven.info\/index.php?rest_route=\/wp\/v2\/pages"}],"about":[{"href":"https:\/\/shg-freundeskreis-wilhelmshaven.info\/index.php?rest_route=\/wp\/v2\/types\/page"}],"author":[{"embeddable":true,"href":"https:\/\/shg-freundeskreis-wilhelmshaven.info\/index.php?rest_route=\/wp\/v2\/users\/1"}],"replies":[{"embeddable":true,"href":"https:\/\/shg-freundeskreis-wilhelmshaven.info\/index.php?rest_route=%2Fwp%2Fv2%2Fcomments&post=145"}],"version-history":[{"count":38,"href":"https:\/\/shg-freundeskreis-wilhelmshaven.info\/index.php?rest_route=\/wp\/v2\/pages\/145\/revisions"}],"predecessor-version":[{"id":564,"href":"https:\/\/shg-freundeskreis-wilhelmshaven.info\/index.php?rest_route=\/wp\/v2\/pages\/145\/revisions\/564"}],"wp:attachment":[{"href":"https:\/\/shg-freundeskreis-wilhelmshaven.info\/index.php?rest_route=%2Fwp%2Fv2%2Fmedia&parent=145"}],"curies":[{"name":"wp","href":"https:\/\/api.w.org\/{rel}","templated":true}]}}